{"id":1390,"date":"2025-05-05T16:38:10","date_gmt":"2025-05-05T14:38:10","guid":{"rendered":"https:\/\/www.iaochurch.org\/?page_id=1390"},"modified":"2025-05-22T01:03:55","modified_gmt":"2025-05-21T23:03:55","slug":"recursos","status":"publish","type":"page","link":"https:\/\/www.iaochurch.org\/en\/recursos\/","title":{"rendered":"Recursos"},"content":{"rendered":"<div data-elementor-type=\"wp-page\" data-elementor-id=\"1390\" class=\"elementor elementor-1390\">\n\t\t\t\t\t\t<section class=\"elementor-section elementor-top-section elementor-element elementor-element-e4d5439 elementor-section-full_width elementor-section-height-default elementor-section-height-default elementor-invisible\" data-id=\"e4d5439\" data-element_type=\"section\" data-settings=\"{&quot;background_background&quot;:&quot;classic&quot;,&quot;animation&quot;:&quot;fadeIn&quot;}\">\n\t\t\t\t\t\t\t<div class=\"elementor-background-overlay\"><\/div>\n\t\t\t\t\t\t\t<div class=\"elementor-container elementor-column-gap-default\">\n\t\t\t\t\t<div class=\"elementor-column elementor-col-100 elementor-top-column elementor-element elementor-element-5907955\" data-id=\"5907955\" data-element_type=\"column\" data-settings=\"{&quot;background_background&quot;:&quot;gradient&quot;}\">\n\t\t\t<div class=\"elementor-widget-wrap elementor-element-populated\">\n\t\t\t\t\t<div class=\"elementor-background-overlay\"><\/div>\n\t\t\t\t\t\t<div class=\"elementor-element elementor-element-6efc67a elementor-widget elementor-widget-flex-slider\" data-id=\"6efc67a\" data-element_type=\"widget\" data-settings=\"{&quot;_animation&quot;:&quot;none&quot;}\" data-widget_type=\"flex-slider.default\">\n\t\t\t\t<div class=\"elementor-widget-container\">\n\t\t\t\t\t\t\t\t<div class=\"flexslider directionnav-\" data-height=\"339\" data-height_tablet=\"259\" data-height_mobile=\"149\" data-animation_images=\"\" data-autoplay=\"true\" data-slideshowspeed=\"3000\" data-directionnav=\"\" data-controlnav=\"\" data-prevtext=\"\" data-nexttext=\"\">\r\n\t\t\t\t<ul class=\"slides\">\r\n\t\t\t\t\t<li class=\"item-slide\">\r\n\t\t\t\t\t\t\t\t\t<div class=\"bgimg\" style=\"background-image:url(https:\/\/www.iaochurch.org\/wp-content\/uploads\/2025\/04\/Slider-2.jpg); background-size: cover; background-position: bottom center;\"><\/div>\r\n\t\t\t\t\t\t\t\t\t<div class=\"overlay\" style=\"background:#162542CC\"><\/div>\r\n\t\t\t\t\t\t\t\t\t\r\n\t\t\t\t\t\t\t\t\t<div class=\"flex_caption container\">\r\n\t\t                        \t\t\r\n\t\t                        \t\t<h1 class=\"title captionDelay6 fromTop\">Recursos<\/h1>\r\n\t\t                        \t\t\r\n\t\t                        \t\t<ul class=\"button-group\"> <li class=\"\">\r\n\t\t\t\t\t\t\t\t\t\t\t<a href=\"\" class=\"button-one elementor-repeater-item-8e7995f\"> <span class=\"btn-icon-right\"><\/span><\/a>\r\n\t\t\t\t\t\t\t\t\t\t<\/li><\/ul>\r\n\t\t\t\t                    <\/div>\t                    \r\n\t\t\t\t                    \r\n\t\t\t\t\t\t\t\t<\/li>\t\t\t\t<\/ul> \r\n\t\t\t<\/div>\r\n\t\t\t\t\t\t\t<\/div>\n\t\t\t\t<\/div>\n\t\t\t\t\t<\/div>\n\t\t<\/div>\n\t\t\t\t\t<\/div>\n\t\t<\/section>\n\t\t\t\t<section class=\"elementor-section elementor-top-section elementor-element elementor-element-9c53ba3 elementor-section-boxed elementor-section-height-default elementor-section-height-default\" data-id=\"9c53ba3\" data-element_type=\"section\">\n\t\t\t\t\t\t<div class=\"elementor-container elementor-column-gap-extended\">\n\t\t\t\t\t<div class=\"elementor-column elementor-col-100 elementor-top-column elementor-element elementor-element-7bf8f06\" data-id=\"7bf8f06\" data-element_type=\"column\">\n\t\t\t<div class=\"elementor-widget-wrap elementor-element-populated\">\n\t\t\t\t\t\t<section class=\"elementor-section elementor-inner-section elementor-element elementor-element-991328f elementor-section-boxed elementor-section-height-default elementor-section-height-default\" data-id=\"991328f\" data-element_type=\"section\">\n\t\t\t\t\t\t<div class=\"elementor-container elementor-column-gap-default\">\n\t\t\t\t\t<div class=\"elementor-column elementor-col-100 elementor-inner-column elementor-element elementor-element-5c91c37\" data-id=\"5c91c37\" data-element_type=\"column\">\n\t\t\t<div class=\"elementor-widget-wrap elementor-element-populated\">\n\t\t\t\t\t\t<div class=\"elementor-element elementor-element-bd9138f elementor-vertical-align-middle elementor-widget-tablet__width-initial elementor-widget-mobile__width-inherit elementor-invisible elementor-widget elementor-widget-image-box\" data-id=\"bd9138f\" data-element_type=\"widget\" data-settings=\"{&quot;_animation&quot;:&quot;fadeInUp&quot;,&quot;_animation_delay&quot;:0.200000000000000011102230246251565404236316680908203125}\" data-widget_type=\"image-box.default\">\n\t\t\t\t<div class=\"elementor-widget-container\">\n\t\t\t\t\t<div class=\"elementor-image-box-wrapper\"><div class=\"elementor-image-box-content\"><h2 class=\"elementor-image-box-title\">Ponemos a tu disposici\u00f3n <br>los libros de adoraci\u00f3n lit\u00fargica en PDF<\/h2><\/div><\/div>\t\t\t\t<\/div>\n\t\t\t\t<\/div>\n\t\t\t\t\t<\/div>\n\t\t<\/div>\n\t\t\t\t\t<\/div>\n\t\t<\/section>\n\t\t\t\t\t<\/div>\n\t\t<\/div>\n\t\t\t\t\t<\/div>\n\t\t<\/section>\n\t\t\t\t<section class=\"elementor-section elementor-top-section elementor-element elementor-element-7190906e elementor-section-boxed elementor-section-height-default elementor-section-height-default\" data-id=\"7190906e\" data-element_type=\"section\" data-settings=\"{&quot;background_background&quot;:&quot;classic&quot;}\">\n\t\t\t\t\t\t\t<div class=\"elementor-background-overlay\"><\/div>\n\t\t\t\t\t\t\t<div class=\"elementor-container elementor-column-gap-extended\">\n\t\t\t\t\t<div class=\"elementor-column elementor-col-100 elementor-top-column elementor-element elementor-element-25c73dcc\" data-id=\"25c73dcc\" data-element_type=\"column\">\n\t\t\t<div class=\"elementor-widget-wrap elementor-element-populated\">\n\t\t\t\t\t\t<section class=\"elementor-section elementor-inner-section elementor-element elementor-element-44d28a56 elementor-section-boxed elementor-section-height-default elementor-section-height-default\" data-id=\"44d28a56\" data-element_type=\"section\">\n\t\t\t\t\t\t<div class=\"elementor-container elementor-column-gap-default\">\n\t\t\t\t\t<div class=\"elementor-column elementor-col-50 elementor-inner-column elementor-element elementor-element-72782b9d\" data-id=\"72782b9d\" data-element_type=\"column\">\n\t\t\t<div class=\"elementor-widget-wrap elementor-element-populated\">\n\t\t\t\t\t\t<div class=\"elementor-element elementor-element-6b99c889 elementor-position-left elementor-vertical-align-middle elementor-invisible elementor-widget elementor-widget-image-box\" data-id=\"6b99c889\" data-element_type=\"widget\" data-settings=\"{&quot;_animation&quot;:&quot;fadeIn&quot;,&quot;_animation_delay&quot;:0.5}\" data-widget_type=\"image-box.default\">\n\t\t\t\t<div class=\"elementor-widget-container\">\n\t\t\t\t\t<div class=\"elementor-image-box-wrapper\"><figure class=\"elementor-image-box-img\"><a href=\"https:\/\/www.iaochurch.org\/wp-content\/uploads\/2025\/05\/00-BCP-Completo-2024-2.pdf\" target=\"_blank\" tabindex=\"-1\"><img decoding=\"async\" width=\"57\" height=\"61\" src=\"https:\/\/www.iaochurch.org\/wp-content\/uploads\/2024\/05\/icon8.png\" class=\"attachment-full size-full wp-image-99\" alt=\"\" \/><\/a><\/figure><div class=\"elementor-image-box-content\"><h2 class=\"elementor-image-box-title\"><a href=\"https:\/\/www.iaochurch.org\/wp-content\/uploads\/2025\/05\/00-BCP-Completo-2024-2.pdf\" target=\"_blank\">Libro de Oraci\u00f3n com\u00fan Episcopal Reformado<\/a><\/h2><p class=\"elementor-image-box-description\"> <\/p><\/div><\/div>\t\t\t\t<\/div>\n\t\t\t\t<\/div>\n\t\t\t\t\t<\/div>\n\t\t<\/div>\n\t\t\t\t<div class=\"elementor-column elementor-col-50 elementor-inner-column elementor-element elementor-element-5962ab69\" data-id=\"5962ab69\" data-element_type=\"column\">\n\t\t\t<div class=\"elementor-widget-wrap elementor-element-populated\">\n\t\t\t\t\t\t<div class=\"elementor-element elementor-element-39be04c3 elementor-position-left elementor-vertical-align-middle elementor-invisible elementor-widget elementor-widget-image-box\" data-id=\"39be04c3\" data-element_type=\"widget\" data-settings=\"{&quot;_animation&quot;:&quot;fadeIn&quot;,&quot;_animation_delay&quot;:0.5}\" data-widget_type=\"image-box.default\">\n\t\t\t\t<div class=\"elementor-widget-container\">\n\t\t\t\t\t<div class=\"elementor-image-box-wrapper\"><figure class=\"elementor-image-box-img\"><a href=\"https:\/\/www.iaochurch.org\/wp-content\/uploads\/2025\/05\/libro-liturgico.pdf\" target=\"_blank\" tabindex=\"-1\"><img decoding=\"async\" width=\"57\" height=\"61\" src=\"https:\/\/www.iaochurch.org\/wp-content\/uploads\/2024\/05\/icon8.png\" class=\"attachment-full size-full wp-image-99\" alt=\"\" \/><\/a><\/figure><div class=\"elementor-image-box-content\"><h2 class=\"elementor-image-box-title\"><a href=\"https:\/\/www.iaochurch.org\/wp-content\/uploads\/2025\/05\/libro-liturgico.pdf\" target=\"_blank\">\u2060Versi\u00f3n adaptada LOC-ACNA 2019<\/a><\/h2><p class=\"elementor-image-box-description\"> <\/p><\/div><\/div>\t\t\t\t<\/div>\n\t\t\t\t<\/div>\n\t\t\t\t\t<\/div>\n\t\t<\/div>\n\t\t\t\t\t<\/div>\n\t\t<\/section>\n\t\t\t\t<section class=\"elementor-section elementor-inner-section elementor-element elementor-element-15eea6f2 elementor-section-boxed elementor-section-height-default elementor-section-height-default\" data-id=\"15eea6f2\" data-element_type=\"section\">\n\t\t\t\t\t\t<div class=\"elementor-container elementor-column-gap-default\">\n\t\t\t\t\t<div class=\"elementor-column elementor-col-50 elementor-inner-column elementor-element elementor-element-7f4e8969\" data-id=\"7f4e8969\" data-element_type=\"column\">\n\t\t\t<div class=\"elementor-widget-wrap elementor-element-populated\">\n\t\t\t\t\t\t<div class=\"elementor-element elementor-element-7aa2241d elementor-position-left elementor-vertical-align-middle elementor-invisible elementor-widget elementor-widget-image-box\" data-id=\"7aa2241d\" data-element_type=\"widget\" data-settings=\"{&quot;_animation&quot;:&quot;fadeIn&quot;,&quot;_animation_delay&quot;:0.5}\" data-widget_type=\"image-box.default\">\n\t\t\t\t<div class=\"elementor-widget-container\">\n\t\t\t\t\t<div class=\"elementor-image-box-wrapper\"><figure class=\"elementor-image-box-img\"><a href=\"https:\/\/www.iaochurch.org\/wp-content\/uploads\/2025\/05\/LOC-10-10-23.pdf\" target=\"_blank\" tabindex=\"-1\"><img decoding=\"async\" width=\"57\" height=\"61\" src=\"https:\/\/www.iaochurch.org\/wp-content\/uploads\/2024\/05\/icon8.png\" class=\"attachment-full size-full wp-image-99\" alt=\"\" \/><\/a><\/figure><div class=\"elementor-image-box-content\"><h2 class=\"elementor-image-box-title\"><a href=\"https:\/\/www.iaochurch.org\/wp-content\/uploads\/2025\/05\/LOC-10-10-23.pdf\" target=\"_blank\">\u2060Libro de Oraci\u00f3n com\u00fan ACNA 2019<\/a><\/h2><p class=\"elementor-image-box-description\"> <\/p><\/div><\/div>\t\t\t\t<\/div>\n\t\t\t\t<\/div>\n\t\t\t\t\t<\/div>\n\t\t<\/div>\n\t\t\t\t<div class=\"elementor-column elementor-col-50 elementor-inner-column elementor-element elementor-element-e250375\" data-id=\"e250375\" data-element_type=\"column\">\n\t\t\t<div class=\"elementor-widget-wrap elementor-element-populated\">\n\t\t\t\t\t\t<div class=\"elementor-element elementor-element-c60b7a8 elementor-position-left elementor-vertical-align-middle elementor-invisible elementor-widget elementor-widget-image-box\" data-id=\"c60b7a8\" data-element_type=\"widget\" data-settings=\"{&quot;_animation&quot;:&quot;fadeIn&quot;,&quot;_animation_delay&quot;:0.5}\" data-widget_type=\"image-box.default\">\n\t\t\t\t<div class=\"elementor-widget-container\">\n\t\t\t\t\t<div class=\"elementor-image-box-wrapper\"><figure class=\"elementor-image-box-img\"><a href=\"https:\/\/www.iaochurch.org\/wp-content\/uploads\/2025\/05\/39-articulos-de-la-religion.pdf\" target=\"_blank\" tabindex=\"-1\"><img decoding=\"async\" width=\"57\" height=\"61\" src=\"https:\/\/www.iaochurch.org\/wp-content\/uploads\/2024\/05\/icon8.png\" class=\"attachment-full size-full wp-image-99\" alt=\"\" \/><\/a><\/figure><div class=\"elementor-image-box-content\"><h2 class=\"elementor-image-box-title\"><a href=\"https:\/\/www.iaochurch.org\/wp-content\/uploads\/2025\/05\/39-articulos-de-la-religion.pdf\" target=\"_blank\">39 Art\u00edculos de la religi\u00f3n<\/a><\/h2><p class=\"elementor-image-box-description\"> <\/p><\/div><\/div>\t\t\t\t<\/div>\n\t\t\t\t<\/div>\n\t\t\t\t\t<\/div>\n\t\t<\/div>\n\t\t\t\t\t<\/div>\n\t\t<\/section>\n\t\t\t\t\t<\/div>\n\t\t<\/div>\n\t\t\t\t\t<\/div>\n\t\t<\/section>\n\t\t\t\t<\/div>","protected":false},"excerpt":{"rendered":"<p>Recursos Ponemos a tu disposici\u00f3n los libros de adoraci\u00f3n lit\u00fargica en PDF Libro de Oraci\u00f3n com\u00fan Episcopal Reformado \u2060Versi\u00f3n adaptada LOC-ACNA 2019 \u2060Libro de Oraci\u00f3n com\u00fan ACNA 2019 39 Art\u00edculos de la religi\u00f3n<\/p>","protected":false},"author":1,"featured_media":0,"parent":0,"menu_order":0,"comment_status":"closed","ping_status":"closed","template":"elementor_header_footer","meta":{"footnotes":""},"yoast_head":"<!-- This site is optimized with the Yoast SEO plugin v22.9 - https:\/\/yoast.com\/wordpress\/plugins\/seo\/ -->\n<title>Recursos - Iglesia Anglicana de Oxford<\/title>\n<meta name=\"robots\" content=\"index, follow, max-snippet:-1, max-image-preview:large, max-video-preview:-1\" \/>\n<link rel=\"canonical\" href=\"https:\/\/www.iaochurch.org\/en\/recursos\/\" \/>\n<meta property=\"og:locale\" content=\"en_US\" \/>\n<meta property=\"og:type\" content=\"article\" \/>\n<meta property=\"og:title\" content=\"Recursos - Iglesia Anglicana de Oxford\" \/>\n<meta property=\"og:description\" content=\"Recursos Ponemos a tu disposici\u00f3n los libros de adoraci\u00f3n lit\u00fargica en PDF Libro de Oraci\u00f3n com\u00fan Episcopal Reformado \u2060Versi\u00f3n adaptada LOC-ACNA 2019 \u2060Libro de Oraci\u00f3n com\u00fan ACNA 2019 39 Art\u00edculos de la religi\u00f3n\" \/>\n<meta property=\"og:url\" content=\"https:\/\/www.iaochurch.org\/en\/recursos\/\" \/>\n<meta property=\"og:site_name\" content=\"Iglesia Anglicana de Oxford\" \/>\n<meta property=\"article:modified_time\" content=\"2025-05-21T23:03:55+00:00\" \/>\n<meta property=\"og:image\" content=\"https:\/\/www.iaochurch.org\/wp-content\/uploads\/2024\/05\/icon8.png\" \/>\n<meta name=\"twitter:card\" content=\"summary_large_image\" \/>\n<meta name=\"twitter:label1\" content=\"Est. reading time\" \/>\n\t<meta name=\"twitter:data1\" content=\"1 minute\" \/>\n<script type=\"application\/ld+json\" class=\"yoast-schema-graph\">{\"@context\":\"https:\/\/schema.org\",\"@graph\":[{\"@type\":\"WebPage\",\"@id\":\"https:\/\/www.iaochurch.org\/recursos\/\",\"url\":\"https:\/\/www.iaochurch.org\/recursos\/\",\"name\":\"Recursos - Iglesia Anglicana de Oxford\",\"isPartOf\":{\"@id\":\"https:\/\/www.iaochurch.org\/#website\"},\"primaryImageOfPage\":{\"@id\":\"https:\/\/www.iaochurch.org\/recursos\/#primaryimage\"},\"image\":{\"@id\":\"https:\/\/www.iaochurch.org\/recursos\/#primaryimage\"},\"thumbnailUrl\":\"https:\/\/www.iaochurch.org\/wp-content\/uploads\/2024\/05\/icon8.png\",\"datePublished\":\"2025-05-05T14:38:10+00:00\",\"dateModified\":\"2025-05-21T23:03:55+00:00\",\"breadcrumb\":{\"@id\":\"https:\/\/www.iaochurch.org\/recursos\/#breadcrumb\"},\"inLanguage\":\"en-US\",\"potentialAction\":[{\"@type\":\"ReadAction\",\"target\":[\"https:\/\/www.iaochurch.org\/recursos\/\"]}]},{\"@type\":\"ImageObject\",\"inLanguage\":\"en-US\",\"@id\":\"https:\/\/www.iaochurch.org\/recursos\/#primaryimage\",\"url\":\"https:\/\/www.iaochurch.org\/wp-content\/uploads\/2024\/05\/icon8.png\",\"contentUrl\":\"https:\/\/www.iaochurch.org\/wp-content\/uploads\/2024\/05\/icon8.png\"},{\"@type\":\"BreadcrumbList\",\"@id\":\"https:\/\/www.iaochurch.org\/recursos\/#breadcrumb\",\"itemListElement\":[{\"@type\":\"ListItem\",\"position\":1,\"name\":\"Portada\",\"item\":\"https:\/\/www.iaochurch.org\/\"},{\"@type\":\"ListItem\",\"position\":2,\"name\":\"Recursos\"}]},{\"@type\":\"WebSite\",\"@id\":\"https:\/\/www.iaochurch.org\/#website\",\"url\":\"https:\/\/www.iaochurch.org\/\",\"name\":\"Iglesia Anglicana de Oxford\",\"description\":\"Cat\u00f3licos Reformados\",\"publisher\":{\"@id\":\"https:\/\/www.iaochurch.org\/#organization\"},\"potentialAction\":[{\"@type\":\"SearchAction\",\"target\":{\"@type\":\"EntryPoint\",\"urlTemplate\":\"https:\/\/www.iaochurch.org\/?s={search_term_string}\"},\"query-input\":\"required name=search_term_string\"}],\"inLanguage\":\"en-US\"},{\"@type\":\"Organization\",\"@id\":\"https:\/\/www.iaochurch.org\/#organization\",\"name\":\"Iglesia Anglicana de Oxford\",\"url\":\"https:\/\/www.iaochurch.org\/\",\"logo\":{\"@type\":\"ImageObject\",\"inLanguage\":\"en-US\",\"@id\":\"https:\/\/www.iaochurch.org\/#\/schema\/logo\/image\/\",\"url\":\"https:\/\/www.iaochurch.org\/wp-content\/uploads\/2024\/05\/308f3f6d-bc5c-46c9-8838-d5a6f2b46983.jpg\",\"contentUrl\":\"https:\/\/www.iaochurch.org\/wp-content\/uploads\/2024\/05\/308f3f6d-bc5c-46c9-8838-d5a6f2b46983.jpg\",\"width\":1563,\"height\":990,\"caption\":\"Iglesia Anglicana de Oxford\"},\"image\":{\"@id\":\"https:\/\/www.iaochurch.org\/#\/schema\/logo\/image\/\"}}]}<\/script>\n<!-- \/ Yoast SEO plugin. -->","yoast_head_json":{"title":"Recursos - Iglesia Anglicana de Oxford","robots":{"index":"index","follow":"follow","max-snippet":"max-snippet:-1","max-image-preview":"max-image-preview:large","max-video-preview":"max-video-preview:-1"},"canonical":"https:\/\/www.iaochurch.org\/en\/recursos\/","og_locale":"en_US","og_type":"article","og_title":"Recursos - Iglesia Anglicana de Oxford","og_description":"Recursos Ponemos a tu disposici\u00f3n los libros de adoraci\u00f3n lit\u00fargica en PDF Libro de Oraci\u00f3n com\u00fan Episcopal Reformado \u2060Versi\u00f3n adaptada LOC-ACNA 2019 \u2060Libro de Oraci\u00f3n com\u00fan ACNA 2019 39 Art\u00edculos de la religi\u00f3n","og_url":"https:\/\/www.iaochurch.org\/en\/recursos\/","og_site_name":"Iglesia Anglicana de Oxford","article_modified_time":"2025-05-21T23:03:55+00:00","og_image":[{"url":"https:\/\/www.iaochurch.org\/wp-content\/uploads\/2024\/05\/icon8.png"}],"twitter_card":"summary_large_image","twitter_misc":{"Est. reading time":"1 minute"},"schema":{"@context":"https:\/\/schema.org","@graph":[{"@type":"WebPage","@id":"https:\/\/www.iaochurch.org\/recursos\/","url":"https:\/\/www.iaochurch.org\/recursos\/","name":"Recursos - Iglesia Anglicana de Oxford","isPartOf":{"@id":"https:\/\/www.iaochurch.org\/#website"},"primaryImageOfPage":{"@id":"https:\/\/www.iaochurch.org\/recursos\/#primaryimage"},"image":{"@id":"https:\/\/www.iaochurch.org\/recursos\/#primaryimage"},"thumbnailUrl":"https:\/\/www.iaochurch.org\/wp-content\/uploads\/2024\/05\/icon8.png","datePublished":"2025-05-05T14:38:10+00:00","dateModified":"2025-05-21T23:03:55+00:00","breadcrumb":{"@id":"https:\/\/www.iaochurch.org\/recursos\/#breadcrumb"},"inLanguage":"en-US","potentialAction":[{"@type":"ReadAction","target":["https:\/\/www.iaochurch.org\/recursos\/"]}]},{"@type":"ImageObject","inLanguage":"en-US","@id":"https:\/\/www.iaochurch.org\/recursos\/#primaryimage","url":"https:\/\/www.iaochurch.org\/wp-content\/uploads\/2024\/05\/icon8.png","contentUrl":"https:\/\/www.iaochurch.org\/wp-content\/uploads\/2024\/05\/icon8.png"},{"@type":"BreadcrumbList","@id":"https:\/\/www.iaochurch.org\/recursos\/#breadcrumb","itemListElement":[{"@type":"ListItem","position":1,"name":"Portada","item":"https:\/\/www.iaochurch.org\/"},{"@type":"ListItem","position":2,"name":"Recursos"}]},{"@type":"WebSite","@id":"https:\/\/www.iaochurch.org\/#website","url":"https:\/\/www.iaochurch.org\/","name":"Iglesia Anglicana de Oxford","description":"Cat\u00f3licos Reformados","publisher":{"@id":"https:\/\/www.iaochurch.org\/#organization"},"potentialAction":[{"@type":"SearchAction","target":{"@type":"EntryPoint","urlTemplate":"https:\/\/www.iaochurch.org\/?s={search_term_string}"},"query-input":"required name=search_term_string"}],"inLanguage":"en-US"},{"@type":"Organization","@id":"https:\/\/www.iaochurch.org\/#organization","name":"Iglesia Anglicana de Oxford","url":"https:\/\/www.iaochurch.org\/","logo":{"@type":"ImageObject","inLanguage":"en-US","@id":"https:\/\/www.iaochurch.org\/#\/schema\/logo\/image\/","url":"https:\/\/www.iaochurch.org\/wp-content\/uploads\/2024\/05\/308f3f6d-bc5c-46c9-8838-d5a6f2b46983.jpg","contentUrl":"https:\/\/www.iaochurch.org\/wp-content\/uploads\/2024\/05\/308f3f6d-bc5c-46c9-8838-d5a6f2b46983.jpg","width":1563,"height":990,"caption":"Iglesia Anglicana de Oxford"},"image":{"@id":"https:\/\/www.iaochurch.org\/#\/schema\/logo\/image\/"}}]}},"_links":{"self":[{"href":"https:\/\/www.iaochurch.org\/en\/wp-json\/wp\/v2\/pages\/1390"}],"collection":[{"href":"https:\/\/www.iaochurch.org\/en\/wp-json\/wp\/v2\/pages"}],"about":[{"href":"https:\/\/www.iaochurch.org\/en\/wp-json\/wp\/v2\/types\/page"}],"author":[{"embeddable":true,"href":"https:\/\/www.iaochurch.org\/en\/wp-json\/wp\/v2\/users\/1"}],"replies":[{"embeddable":true,"href":"https:\/\/www.iaochurch.org\/en\/wp-json\/wp\/v2\/comments?post=1390"}],"version-history":[{"count":17,"href":"https:\/\/www.iaochurch.org\/en\/wp-json\/wp\/v2\/pages\/1390\/revisions"}],"predecessor-version":[{"id":1573,"href":"https:\/\/www.iaochurch.org\/en\/wp-json\/wp\/v2\/pages\/1390\/revisions\/1573"}],"wp:attachment":[{"href":"https:\/\/www.iaochurch.org\/en\/wp-json\/wp\/v2\/media?parent=1390"}],"curies":[{"name":"wp","href":"https:\/\/api.w.org\/{rel}","templated":true}]}}